{"id":4590,"date":"2021-01-18T10:28:27","date_gmt":"2021-01-18T10:28:27","guid":{"rendered":"https:\/\/www.esmadrid.com\/mcb\/?page_id=4590"},"modified":"2024-07-02T11:40:43","modified_gmt":"2024-07-02T11:40:43","slug":"ventajas-programa-embajadores","status":"publish","type":"page","link":"https:\/\/www.esmadrid.com\/mcb\/embajadores\/ventajas-programa-embajadores\/","title":{"rendered":"Ventajas Programa Embajadores"},"content":{"rendered":"\n    <section class=\"container bloque-txt-titulo \" >\n    <div class=\"row\"> \n        <div class=\"col-12 col-md-6 col-lg-4  mb-3 md-md-0 animation fadeRight\">\n            <h3 class=\"bl-titulo  \">VENTAJAS<\/h3>\n        <\/div>\n        <div class=\"col-12 col-md-6 col-lg-8 bl-texto\">\n             \n            <div class=\"acf-innerblocks-container\">\n\n<h3 class=\"wp-block-heading\">Compartimos un mismo objetivo: Ayudarte a hacer realidad tu proyecto de que Madrid acoja el congreso de tu especialidad.<\/h3>\n\n\n\n<ul class=\"wp-block-list\">\n<li>Facilitamos la organizaci\u00f3n del congreso de principio a fin.<\/li>\n\n\n\n<li>Proporcionamos apoyo institucional a su celebraci\u00f3n.<\/li>\n\n\n\n<li>Ofrecemos visibilidad al congreso.<\/li>\n\n\n\n<li>Favorecemos el dise\u00f1o de proyectos de impacto positivo en la ciudad.<\/li>\n<\/ul>\n\n\n\n<h3 class=\"wp-block-heading\">Queremos apoyarte<\/h3>\n\n\n\n<ul class=\"wp-block-list\">\n<li>El conocimiento que genera tu congreso, nos enriquece.<\/li>\n\n\n\n<li>Si t\u00fa creces como profesional, Madrid crece contigo.<\/li>\n\n\n\n<li>Tenemos recursos y conocimiento y queremos compartirlos.<\/li>\n\n\n\n<li>Tienes a tu disposici\u00f3n un sector tur\u00edstico altamente cualificado.<\/li>\n<\/ul>\n\n<\/div>\n        <\/div>\n    <\/div>\n<\/section>\n\n\n\n    <section class=\"container bloque-txt-titulo \" >\n    <div class=\"row\"> \n        <div class=\"col-12 col-md-6 col-lg-4  mb-3 md-md-0 animation fadeRight\">\n            <h3 class=\"bl-titulo  \">HERRAMIENTAS SOSTENIBILIDAD<\/h3>\n        <\/div>\n        <div class=\"col-12 col-md-6 col-lg-8 bl-texto\">\n             \n            <div class=\"acf-innerblocks-container\">\n\r\n<section class=\"bloque-documento-enlace row \">\r\n  <div class=\"col-6 col-md-3 mb-4\">\r\n    <a href=\"https:\/\/www.esmadrid.com\/mcb\/wp-content\/uploads\/2020\/12\/Gu\u00eda-MICE-de-Sostenibilidad_Web.pdf\">    <img decoding=\"async\" class=\"col-12 bl-imagen  \" src=\"https:\/\/www.esmadrid.com\/mcb\/wp-content\/uploads\/2020\/12\/Guia-MICE-Sostenibilidad_es_baja-212x300.jpg\" alt=\"\" >\r\n    <\/a>\r\n  <\/div>\r\n\r\n                <div class=\"col-1 col-md-1 d-hide mb-4 align-self-end\">\r\n        <a  class=\"ico-circular d-hide \" href=\"https:\/\/www.esmadrid.com\/mcb\/wp-content\/uploads\/2020\/12\/Gu\u00eda-MICE-de-Sostenibilidad_Web.pdf\">\r\n          <img decoding=\"async\" src=\"https:\/\/www.esmadrid.com\/mcb\/wp-content\/themes\/mcb24\/img\/download.svg\" alt=\"Descarga\">\r\n        <\/a>\r\n      <\/div>\r\n            \r\n  <div class=\"col-12 col-md-9 align-self-center\">\r\n    <h2>\r\n      <a href=\"https:\/\/www.esmadrid.com\/mcb\/wp-content\/uploads\/2020\/12\/Gu\u00eda-MICE-de-Sostenibilidad_Web.pdf\">      Gu\u00eda MICE de Sostenibilidad<\/h2>\r\n      <\/a>    <p>Desde Madrid Convention Bureau queremos acompa\u00f1arte en el proceso de adaptaci\u00f3n a la organizaci\u00f3n de reuniones m\u00e1s conscientes con el planeta. Con los 17 Objetivos de Desarrollo Sostenible en mente, apostamos por recursos y herramientas para un compromiso real con la Agenda 2030.<\/p>\r\n                  <a  class=\"ico-circular m-hide\" href=\"https:\/\/www.esmadrid.com\/mcb\/wp-content\/uploads\/2020\/12\/Gu\u00eda-MICE-de-Sostenibilidad_Web.pdf\">\r\n          <img decoding=\"async\" src=\"https:\/\/www.esmadrid.com\/mcb\/wp-content\/themes\/mcb24\/img\/download.svg\" alt=\"Descarga\">\r\n        <\/a>\r\n            \r\n      <\/div>  \r\n<\/section>\r\n\n\n\r\n<section class=\"bloque-documento-enlace row \">\r\n  <div class=\"col-6 col-md-3 mb-4\">\r\n    <a href=\"https:\/\/www.esmadrid.com\/mcb\/wp-content\/uploads\/2022\/07\/folleto-Plus-MCB-1.pdf\">    <img decoding=\"async\" class=\"col-12 bl-imagen  \" src=\"https:\/\/www.esmadrid.com\/mcb\/wp-content\/uploads\/2022\/07\/folleto-Plus-MCB-portada-214x300.jpg\" alt=\"\" >\r\n    <\/a>\r\n  <\/div>\r\n\r\n                <div class=\"col-1 col-md-1 d-hide mb-4 align-self-end\">\r\n        <a  class=\"ico-circular d-hide \" href=\"https:\/\/www.esmadrid.com\/mcb\/wp-content\/uploads\/2022\/07\/folleto-Plus-MCB-1.pdf\">\r\n          <img decoding=\"async\" src=\"https:\/\/www.esmadrid.com\/mcb\/wp-content\/themes\/mcb24\/img\/download.svg\" alt=\"Descarga\">\r\n        <\/a>\r\n      <\/div>\r\n            \r\n  <div class=\"col-12 col-md-9 align-self-center\">\r\n    <h2>\r\n      <a href=\"https:\/\/www.esmadrid.com\/mcb\/wp-content\/uploads\/2022\/07\/folleto-Plus-MCB-1.pdf\">      Gu\u00eda PLUS de Impacto Positivo<\/h2>\r\n      <\/a>    <p>El impacto positivo es la generaci\u00f3n de un legado duradero en el tiempo para la totalidad de la ciudadan\u00eda de Madrid, a partir de la organizaci\u00f3n de un congreso en la ciudad. M\u00e1s all\u00e1 de la transmisi\u00f3n de conocimiento, los congresos tienen en sus manos la posibilidad de lograr cambios perceptibles de mejora de la sociedad. Madrid Convention Bureau te ofrece colaborar en el dise\u00f1o de acciones de legado como una parte fundamental de tu congreso desde su origen. <\/p>\r\n                  <a  class=\"ico-circular m-hide\" href=\"https:\/\/www.esmadrid.com\/mcb\/wp-content\/uploads\/2022\/07\/folleto-Plus-MCB-1.pdf\">\r\n          <img decoding=\"async\" src=\"https:\/\/www.esmadrid.com\/mcb\/wp-content\/themes\/mcb24\/img\/download.svg\" alt=\"Descarga\">\r\n        <\/a>\r\n            \r\n      <\/div>  \r\n<\/section>\r\n\n<\/div>\n        <\/div>\n    <\/div>\n<\/section>\n\n\n\n<p><br><\/p>\n","protected":false},"excerpt":{"rendered":"","protected":false},"author":1,"featured_media":0,"parent":4587,"menu_order":2,"comment_status":"closed","ping_status":"closed","template":"page-full.php","meta":{"_acf_changed":false,"footnotes":""},"class_list":["post-4590","page","type-page","status-publish","hentry"],"acf":[],"yoast_head":"<!-- This site is optimized with the Yoast SEO plugin v27.4 - https:\/\/yoast.com\/product\/yoast-seo-wordpress\/ -->\n<title>Ventajas Programa Embajadores - Madrid Convention Bureau<\/title>\n<meta name=\"robots\" content=\"index, follow, max-snippet:-1, max-image-preview:large, max-video-preview:-1\" \/>\n<link rel=\"canonical\" href=\"https:\/\/www.esmadrid.com\/mcb\/embajadores\/ventajas-programa-embajadores\/\" \/>\n<meta property=\"og:locale\" content=\"es_ES\" \/>\n<meta property=\"og:type\" content=\"article\" \/>\n<meta property=\"og:title\" content=\"Ventajas Programa Embajadores - Madrid Convention Bureau\" \/>\n<meta property=\"og:url\" content=\"https:\/\/www.esmadrid.com\/mcb\/embajadores\/ventajas-programa-embajadores\/\" \/>\n<meta property=\"og:site_name\" content=\"Madrid Convention Bureau\" \/>\n<meta property=\"article:modified_time\" content=\"2024-07-02T11:40:43+00:00\" \/>\n<meta name=\"twitter:card\" content=\"summary_large_image\" \/>\n<meta name=\"twitter:label1\" content=\"Tiempo de lectura\" \/>\n\t<meta name=\"twitter:data1\" content=\"2 minutos\" \/>\n<script type=\"application\/ld+json\" class=\"yoast-schema-graph\">{\"@context\":\"https:\\\/\\\/schema.org\",\"@graph\":[{\"@type\":\"WebPage\",\"@id\":\"https:\\\/\\\/www.esmadrid.com\\\/mcb\\\/embajadores\\\/ventajas-programa-embajadores\\\/\",\"url\":\"https:\\\/\\\/www.esmadrid.com\\\/mcb\\\/embajadores\\\/ventajas-programa-embajadores\\\/\",\"name\":\"Ventajas Programa Embajadores - Madrid Convention Bureau\",\"isPartOf\":{\"@id\":\"https:\\\/\\\/www.esmadrid.com\\\/mcb\\\/#website\"},\"datePublished\":\"2021-01-18T10:28:27+00:00\",\"dateModified\":\"2024-07-02T11:40:43+00:00\",\"breadcrumb\":{\"@id\":\"https:\\\/\\\/www.esmadrid.com\\\/mcb\\\/embajadores\\\/ventajas-programa-embajadores\\\/#breadcrumb\"},\"inLanguage\":\"es\",\"potentialAction\":[{\"@type\":\"ReadAction\",\"target\":[\"https:\\\/\\\/www.esmadrid.com\\\/mcb\\\/embajadores\\\/ventajas-programa-embajadores\\\/\"]}]},{\"@type\":\"BreadcrumbList\",\"@id\":\"https:\\\/\\\/www.esmadrid.com\\\/mcb\\\/embajadores\\\/ventajas-programa-embajadores\\\/#breadcrumb\",\"itemListElement\":[{\"@type\":\"ListItem\",\"position\":1,\"name\":\"Portada\",\"item\":\"https:\\\/\\\/www.esmadrid.com\\\/mcb\\\/\"},{\"@type\":\"ListItem\",\"position\":2,\"name\":\"Programa embajadores\",\"item\":\"https:\\\/\\\/www.esmadrid.com\\\/mcb\\\/embajadores\\\/\"},{\"@type\":\"ListItem\",\"position\":3,\"name\":\"Ventajas Programa Embajadores\"}]},{\"@type\":\"WebSite\",\"@id\":\"https:\\\/\\\/www.esmadrid.com\\\/mcb\\\/#website\",\"url\":\"https:\\\/\\\/www.esmadrid.com\\\/mcb\\\/\",\"name\":\"Madrid Convention Bureau\",\"description\":\"Madrid Convention Bureau cuenta con un Equipo de profesionales que le asesorar\u00e1 sobre los mejores espacios y proveedores de servicios del sector MICE\",\"potentialAction\":[{\"@type\":\"SearchAction\",\"target\":{\"@type\":\"EntryPoint\",\"urlTemplate\":\"https:\\\/\\\/www.esmadrid.com\\\/mcb\\\/?s={search_term_string}\"},\"query-input\":{\"@type\":\"PropertyValueSpecification\",\"valueRequired\":true,\"valueName\":\"search_term_string\"}}],\"inLanguage\":\"es\"}]}<\/script>\n<!-- \/ Yoast SEO plugin. -->","yoast_head_json":{"title":"Ventajas Programa Embajadores - Madrid Convention Bureau","robots":{"index":"index","follow":"follow","max-snippet":"max-snippet:-1","max-image-preview":"max-image-preview:large","max-video-preview":"max-video-preview:-1"},"canonical":"https:\/\/www.esmadrid.com\/mcb\/embajadores\/ventajas-programa-embajadores\/","og_locale":"es_ES","og_type":"article","og_title":"Ventajas Programa Embajadores - Madrid Convention Bureau","og_url":"https:\/\/www.esmadrid.com\/mcb\/embajadores\/ventajas-programa-embajadores\/","og_site_name":"Madrid Convention Bureau","article_modified_time":"2024-07-02T11:40:43+00:00","twitter_card":"summary_large_image","twitter_misc":{"Tiempo de lectura":"2 minutos"},"schema":{"@context":"https:\/\/schema.org","@graph":[{"@type":"WebPage","@id":"https:\/\/www.esmadrid.com\/mcb\/embajadores\/ventajas-programa-embajadores\/","url":"https:\/\/www.esmadrid.com\/mcb\/embajadores\/ventajas-programa-embajadores\/","name":"Ventajas Programa Embajadores - Madrid Convention Bureau","isPartOf":{"@id":"https:\/\/www.esmadrid.com\/mcb\/#website"},"datePublished":"2021-01-18T10:28:27+00:00","dateModified":"2024-07-02T11:40:43+00:00","breadcrumb":{"@id":"https:\/\/www.esmadrid.com\/mcb\/embajadores\/ventajas-programa-embajadores\/#breadcrumb"},"inLanguage":"es","potentialAction":[{"@type":"ReadAction","target":["https:\/\/www.esmadrid.com\/mcb\/embajadores\/ventajas-programa-embajadores\/"]}]},{"@type":"BreadcrumbList","@id":"https:\/\/www.esmadrid.com\/mcb\/embajadores\/ventajas-programa-embajadores\/#breadcrumb","itemListElement":[{"@type":"ListItem","position":1,"name":"Portada","item":"https:\/\/www.esmadrid.com\/mcb\/"},{"@type":"ListItem","position":2,"name":"Programa embajadores","item":"https:\/\/www.esmadrid.com\/mcb\/embajadores\/"},{"@type":"ListItem","position":3,"name":"Ventajas Programa Embajadores"}]},{"@type":"WebSite","@id":"https:\/\/www.esmadrid.com\/mcb\/#website","url":"https:\/\/www.esmadrid.com\/mcb\/","name":"Madrid Convention Bureau","description":"Madrid Convention Bureau cuenta con un Equipo de profesionales que le asesorar\u00e1 sobre los mejores espacios y proveedores de servicios del sector MICE","potentialAction":[{"@type":"SearchAction","target":{"@type":"EntryPoint","urlTemplate":"https:\/\/www.esmadrid.com\/mcb\/?s={search_term_string}"},"query-input":{"@type":"PropertyValueSpecification","valueRequired":true,"valueName":"search_term_string"}}],"inLanguage":"es"}]}},"_links":{"self":[{"href":"https:\/\/www.esmadrid.com\/mcb\/wp-json\/wp\/v2\/pages\/4590","targetHints":{"allow":["GET"]}}],"collection":[{"href":"https:\/\/www.esmadrid.com\/mcb\/wp-json\/wp\/v2\/pages"}],"about":[{"href":"https:\/\/www.esmadrid.com\/mcb\/wp-json\/wp\/v2\/types\/page"}],"author":[{"embeddable":true,"href":"https:\/\/www.esmadrid.com\/mcb\/wp-json\/wp\/v2\/users\/1"}],"replies":[{"embeddable":true,"href":"https:\/\/www.esmadrid.com\/mcb\/wp-json\/wp\/v2\/comments?post=4590"}],"version-history":[{"count":77,"href":"https:\/\/www.esmadrid.com\/mcb\/wp-json\/wp\/v2\/pages\/4590\/revisions"}],"predecessor-version":[{"id":6690,"href":"https:\/\/www.esmadrid.com\/mcb\/wp-json\/wp\/v2\/pages\/4590\/revisions\/6690"}],"up":[{"embeddable":true,"href":"https:\/\/www.esmadrid.com\/mcb\/wp-json\/wp\/v2\/pages\/4587"}],"wp:attachment":[{"href":"https:\/\/www.esmadrid.com\/mcb\/wp-json\/wp\/v2\/media?parent=4590"}],"curies":[{"name":"wp","href":"https:\/\/api.w.org\/{rel}","templated":true}]}}